{"id":24,"date":"2023-02-21T10:35:09","date_gmt":"2023-02-21T09:35:09","guid":{"rendered":"https:\/\/academyofvisioncare-france.fr\/opticiensopticiens\/?page_id=24"},"modified":"2023-06-12T17:16:15","modified_gmt":"2023-06-12T15:16:15","slug":"politique-de-cookies","status":"publish","type":"page","link":"https:\/\/academyofvisioncare-france.fr\/opticiens\/politique-de-cookies\/","title":{"rendered":"Politique de Cookies"},"content":{"rendered":"<section class=\"wpb-content-wrapper\"><p>[vc_row][vc_column][vc_column_text]<\/p>\n<h2>Cookies<\/h2>\n<h3>Qu\u2019est ce qu\u2019un cookie ?<\/h3>\n<p>Nous utilisons des cookies sur notre site web. Un cookie est un fichier texte contenant de petites quantit\u00e9s d&rsquo;informations qui est t\u00e9l\u00e9charg\u00e9 sur le m\u00e9canisme de stockage de votre appareil lorsque vous acc\u00e9dez \u00e0 une page web du site web, et qui peut ensuite \u00eatre consult\u00e9 par nos serveurs web.<br \/>\nLes cookies peuvent \u00eatre install\u00e9s par Bausch ou par un tiers :<\/p>\n<p>&#8211; Les cookies de premi\u00e8re partie sont install\u00e9s et g\u00e9r\u00e9s par Bausch. Ils sont sp\u00e9cifiques au site web de Bausch que vous visitez.<br \/>\n&#8211; Les cookies tiers sont install\u00e9s et g\u00e9r\u00e9s par un tiers. Ils sont install\u00e9s pendant votre visite sur un site web Bausch et permettent d&rsquo;envoyer certaines informations \u00e0 des tiers lors de votre retour sur le site web Bausch.<br \/>\nLes cookies peuvent \u00eatre temporaires ou persistants :<br \/>\n&#8211; Les cookies temporaires ou de session sont stock\u00e9s temporairement dans votre ordinateur ou votre appareil mobile. D\u00e8s que vous fermez votre navigateur, ces cookies sont automatiquement supprim\u00e9s.<br \/>\n&#8211; Les cookies persistants restent sur votre appareil pendant une p\u00e9riode plus longue, m\u00eame apr\u00e8s la fermeture de votre navigateur. Ils restent sur votre appareil jusqu&rsquo;\u00e0 ce que les donn\u00e9es d&rsquo;expiration soient atteintes et qu&rsquo;une nouvelle version du cookie soit alors install\u00e9e ou parfois, ou jusqu&rsquo;\u00e0 ce que vous les supprimiez manuellement. Ils permettent de vous reconna\u00eetre lors d&rsquo;une visite ult\u00e9rieure du site web.<\/p>\n<p>La dur\u00e9e d\u00e9pend de l&rsquo;objectif pour lequel certains types de cookies sont install\u00e9s sur votre ordinateur. Par exemple, un cookie de session peut \u00eatre utilis\u00e9 pour permettre aux visiteurs d&rsquo;\u00eatre reconnus au sein d&rsquo;un ensemble de pages web, de sorte que les choix ou la s\u00e9lection de donn\u00e9es effectu\u00e9s par cet utilisateur soient m\u00e9moris\u00e9s d&rsquo;une page \u00e0 l&rsquo;autre. Les cookies peuvent \u00eatre d\u00e9crits en fonction de leur fonction et des objectifs vis\u00e9s. Certains cookies sont consid\u00e9r\u00e9s comme essentiels \u00e0 votre navigation, tandis que d&rsquo;autres sont des cookies de mesure des performances. Vous pouvez \u00e9galement avoir des cookies de nature fonctionnelle, des cookies qui collectent des donn\u00e9es \u00e0 des fins de marketing.<br \/>\nCookies strictement n\u00e9cessaires : Ces cookies sont n\u00e9cessaires au fonctionnement du site web et ne peuvent pas \u00eatre d\u00e9sactiv\u00e9s dans nos syst\u00e8mes. Ils ne sont g\u00e9n\u00e9ralement d\u00e9finis qu&rsquo;en r\u00e9ponse \u00e0 des actions effectu\u00e9es par vous qui \u00e9quivalent \u00e0 une demande de services, comme le r\u00e9glage de vos pr\u00e9f\u00e9rences en mati\u00e8re de confidentialit\u00e9, la connexion ou le remplissage de formulaires. Vous pouvez configurer votre navigateur pour qu&rsquo;il bloque ces cookies ou vous alerte \u00e0 leur sujet, mais certaines parties du site ne fonctionneront alors pas.<br \/>\nCookies de performance : Ces cookies nous permettent de compter les visites et les sources de trafic afin que nous puissions mesurer et am\u00e9liorer les performances de notre site. Ils nous aident \u00e0 savoir quelles sont les pages les plus et les moins populaires et \u00e0 voir comment les visiteurs se d\u00e9placent sur le site. Toutes les informations recueillies par ces cookies sont agr\u00e9g\u00e9es et donc anonymes. Si vous n&rsquo;autorisez pas ces cookies, nous ne saurons pas quand vous avez visit\u00e9 notre site et nous ne serons pas en mesure de surveiller ses performances.<br \/>\nCookies fonctionnels : Ces cookies permettent au site web de fournir des fonctionnalit\u00e9s et une personnalisation am\u00e9lior\u00e9es. Ils peuvent \u00eatre d\u00e9finis par nous ou par des fournisseurs tiers dont nous avons ajout\u00e9 les services \u00e0 nos pages. Si vous n&rsquo;autorisez pas ces cookies, alors certains ou tous ces services peuvent ne pas fonctionner correctement.<br \/>\nCookies de ciblage : Ces cookies peuvent \u00eatre d\u00e9finis \u00e0 travers notre site par nos partenaires publicitaires. Ils peuvent \u00eatre utilis\u00e9s par ces soci\u00e9t\u00e9s pour \u00e9tablir un profil de vos int\u00e9r\u00eats et vous montrer des publicit\u00e9s pertinentes sur d&rsquo;autres sites. Ils ne stockent pas directement des informations personnelles mais sont bas\u00e9s sur l&rsquo;identification unique de votre navigateur et de votre appareil internet. Si vous n&rsquo;autorisez pas ces cookies, vous ferez l&rsquo;exp\u00e9rience d&rsquo;une publicit\u00e9 moins cibl\u00e9e.<br \/>\nCookies de m\u00e9dias sociaux : Ces cookies sont d\u00e9finis par une gamme de services de m\u00e9dias sociaux que nous avons ajout\u00e9s au site pour vous permettre de partager notre contenu avec vos amis et vos r\u00e9seaux. Ils sont capables de suivre votre navigateur sur d&rsquo;autres sites et d&rsquo;\u00e9tablir un profil de vos int\u00e9r\u00eats. Cela peut avoir un impact sur le contenu et les messages que vous voyez sur les autres sites web que vous visitez. Si vous n&rsquo;autorisez pas ces cookies, il se peut que vous ne puissiez pas utiliser ou voir ces outils de partage.<br \/>\nLorsque vous visitez nos sites web, une banni\u00e8re de param\u00e9trage des cookies peut vous \u00eatre pr\u00e9sent\u00e9e, vous permettant d&rsquo;en savoir plus sur les types de cookies que nous utilisons, leur finalit\u00e9, leur dur\u00e9e de vie et leur provenance, de g\u00e9rer les param\u00e8tres et d&rsquo;accepter ou de refuser les cookies. Il est l\u00e9galement autoris\u00e9 de stocker des cookies sur votre machine s&rsquo;ils sont essentiels au fonctionnement du site web, mais pour tous les autres types de cookies, nous avons besoin de votre autorisation pour le faire. Sur les sites web de Bausch, vous avez la possibilit\u00e9 de consentir \u00e0 l&rsquo;utilisation de cookies lorsque vous visitez le site web pour la premi\u00e8re fois, lorsqu&rsquo;une banni\u00e8re de cookies s&rsquo;affiche, ou de g\u00e9rer ces param\u00e8tres \u00e0 tout moment par la suite en cliquant sur le lien Param\u00e8tres des cookies dans le pied de page du site web. Ces param\u00e8tres de cookies vous donnent la possibilit\u00e9 d&rsquo;accepter ou de refuser votre consentement \u00e0 chaque cat\u00e9gorie de cookies (\u00e0 l&rsquo;exception des cookies n\u00e9cessaires qui sont toujours actifs).<\/p>\n<p>Nos serveurs Web peuvent collecter passivement des donn\u00e9es par l&rsquo;utilisation de cookies et d&rsquo;autres moyens sur votre ordinateur et votre connexion Internet, comme l&rsquo;adresse IP de votre ordinateur et\/ou de votre fournisseur d&rsquo;acc\u00e8s Internet, la date et l&rsquo;heure d&rsquo;acc\u00e8s au site Web, l&rsquo;adresse Internet des sites Web \u00e0 partir desquels vous vous connectez \u00e0 notre site Web, la technologie informatique que vous utilisez et vos mouvements et pr\u00e9f\u00e9rences sur notre site Web. Nous pouvons \u00e9galement utiliser ces cookies pour collecter des informations en rapport avec de futures visites sur le site Web (par exemple pour m\u00e9moriser le nom d&rsquo;utilisateur et le mot de passe), pour vous reconna\u00eetre en tant que visiteur pr\u00e9c\u00e9dent et pour suivre votre activit\u00e9 sur le site Web.<br \/>\nCes informations ne sont pas utilis\u00e9es pour vous identifier personnellement mais nous aident \u00e0 comprendre comment les visiteurs interagissent avec notre site Web. Ces statistiques ne contiennent aucune information personnelle et sont uniquement utilis\u00e9es par notre personnel d&rsquo;assistance technique et nos \u00e9quipes de marketing \u00e0 des fins d&rsquo;administration du site Web. Nous nous r\u00e9servons le droit d&rsquo;utiliser d&rsquo;autres technologies telles que les balises Internet, les pixels invisibles et les outils de collecte de donn\u00e9es de navigation. Nous pouvons combiner les donn\u00e9es recueillies par le biais de cookies et d&rsquo;autres technologies de suivi avec des informations personnelles, mais lorsque nous le faisons, nous traitons toutes ces donn\u00e9es comme des informations personnelles aux fins de la pr\u00e9sente politique de confidentialit\u00e9.<\/p>\n<\/section>","protected":false},"excerpt":{"rendered":"<p>[vc_row][vc_column][vc_column_text] Cookies Qu\u2019est ce qu\u2019un cookie ? Nous utilisons des cookies sur notre site web. Un cookie est un fichier texte contenant de petites quantit\u00e9s d&rsquo;informations qui est t\u00e9l\u00e9charg\u00e9 sur le m\u00e9canisme de stockage de votre appareil lorsque vous acc\u00e9dez \u00e0 une page web du site web, et qui peut ensuite \u00eatre consult\u00e9 par nos serveurs web. Les cookies peuvent \u00eatre install\u00e9s par Bausch ou par un tiers : &#8211; Les cookies de premi\u00e8re partie sont install\u00e9s et g\u00e9r\u00e9s par Bausch. Ils sont sp\u00e9cifiques au site web de Bausch que vous visitez. &#8211; Les cookies tiers sont install\u00e9s et g\u00e9r\u00e9s par un tiers. Ils sont install\u00e9s pendant votre visite sur un site web Bausch et permettent d&rsquo;envoyer certaines informations \u00e0 des tiers lors de votre retour sur le site web Bausch. Les cookies peuvent \u00eatre temporaires ou persistants : &#8211; Les cookies temporaires ou de session sont stock\u00e9s temporairement dans votre ordinateur ou votre appareil mobile. D\u00e8s que vous fermez votre navigateur, ces cookies sont automatiquement supprim\u00e9s. &#8211; Les cookies persistants restent sur votre appareil pendant une p\u00e9riode plus longue, m\u00eame apr\u00e8s la fermeture de votre navigateur. Ils restent sur votre appareil jusqu&rsquo;\u00e0 ce que les donn\u00e9es d&rsquo;expiration soient atteintes et qu&rsquo;une nouvelle version du cookie soit alors install\u00e9e ou parfois, ou jusqu&rsquo;\u00e0 ce que vous les supprimiez manuellement. Ils permettent de vous reconna\u00eetre lors d&rsquo;une visite ult\u00e9rieure du site web. La dur\u00e9e d\u00e9pend de l&rsquo;objectif pour lequel certains types de cookies sont install\u00e9s sur votre ordinateur. Par exemple, un cookie de session peut \u00eatre utilis\u00e9 pour permettre aux visiteurs d&rsquo;\u00eatre reconnus au sein d&rsquo;un ensemble de pages web, de sorte que les choix ou la s\u00e9lection de donn\u00e9es effectu\u00e9s par cet utilisateur soient m\u00e9moris\u00e9s d&rsquo;une page \u00e0 l&rsquo;autre. Les cookies peuvent \u00eatre d\u00e9crits en fonction de leur fonction et des objectifs vis\u00e9s. Certains cookies sont consid\u00e9r\u00e9s comme essentiels \u00e0 votre navigation, tandis que d&rsquo;autres sont des cookies de mesure des performances. Vous pouvez \u00e9galement avoir des cookies de nature fonctionnelle, des cookies qui collectent des donn\u00e9es \u00e0 des fins de marketing. Cookies strictement n\u00e9cessaires : Ces cookies sont n\u00e9cessaires au fonctionnement du site web et ne peuvent pas \u00eatre d\u00e9sactiv\u00e9s dans nos syst\u00e8mes. Ils ne sont g\u00e9n\u00e9ralement d\u00e9finis qu&rsquo;en r\u00e9ponse \u00e0 des actions effectu\u00e9es par vous qui \u00e9quivalent \u00e0 une demande de services, comme le r\u00e9glage de vos pr\u00e9f\u00e9rences en mati\u00e8re de confidentialit\u00e9, la connexion ou le remplissage de formulaires. Vous pouvez configurer votre navigateur pour qu&rsquo;il bloque ces cookies ou vous alerte \u00e0 leur sujet, mais certaines parties du site ne fonctionneront alors pas. Cookies de performance : Ces cookies nous permettent de compter les visites et les sources de trafic afin que nous puissions mesurer et am\u00e9liorer les performances de notre site. Ils nous aident \u00e0 savoir quelles sont les pages les plus et les moins populaires et \u00e0 voir comment les visiteurs se d\u00e9placent sur le site. Toutes les informations recueillies par ces cookies sont agr\u00e9g\u00e9es et donc anonymes. Si vous n&rsquo;autorisez pas ces cookies, nous ne saurons pas quand vous avez visit\u00e9 notre site et nous ne serons pas en mesure de surveiller ses performances. Cookies fonctionnels : Ces cookies permettent au site web de fournir des fonctionnalit\u00e9s et une personnalisation am\u00e9lior\u00e9es. Ils peuvent \u00eatre d\u00e9finis par nous ou par des fournisseurs tiers dont nous avons ajout\u00e9 les services \u00e0 nos pages. Si vous n&rsquo;autorisez pas ces cookies, alors certains ou tous ces services peuvent ne pas fonctionner correctement. Cookies de ciblage : Ces cookies peuvent \u00eatre d\u00e9finis \u00e0 travers notre site par nos partenaires publicitaires. Ils peuvent \u00eatre utilis\u00e9s par ces soci\u00e9t\u00e9s pour \u00e9tablir un profil de vos int\u00e9r\u00eats et vous montrer des publicit\u00e9s pertinentes sur d&rsquo;autres sites. Ils ne stockent pas directement des informations personnelles mais sont bas\u00e9s sur l&rsquo;identification unique de votre navigateur et de votre appareil internet. Si vous n&rsquo;autorisez pas ces cookies, vous ferez l&rsquo;exp\u00e9rience d&rsquo;une publicit\u00e9 moins cibl\u00e9e. Cookies de m\u00e9dias sociaux : Ces cookies sont d\u00e9finis par une gamme de services de m\u00e9dias sociaux que nous avons ajout\u00e9s au site pour vous permettre de partager notre contenu avec vos amis et vos r\u00e9seaux. Ils sont capables de suivre votre navigateur sur d&rsquo;autres sites et d&rsquo;\u00e9tablir un profil de vos int\u00e9r\u00eats. Cela peut avoir un impact sur le contenu et les messages que vous voyez sur les autres sites web que vous visitez. Si vous n&rsquo;autorisez pas ces cookies, il se peut que vous ne puissiez pas utiliser ou voir ces outils de partage. Lorsque vous visitez nos sites web, une banni\u00e8re de param\u00e9trage des cookies peut vous \u00eatre pr\u00e9sent\u00e9e, vous permettant d&rsquo;en savoir plus sur les types de cookies que nous utilisons, leur finalit\u00e9, leur dur\u00e9e de vie et leur provenance, de g\u00e9rer les param\u00e8tres et d&rsquo;accepter ou de refuser les cookies. Il est l\u00e9galement autoris\u00e9 de stocker des cookies sur votre machine s&rsquo;ils sont essentiels au fonctionnement du site web, mais pour tous les autres types de cookies, nous avons besoin de votre autorisation pour le faire. Sur les sites web de Bausch, vous avez la possibilit\u00e9 de consentir \u00e0 l&rsquo;utilisation de cookies lorsque vous visitez le site web pour la premi\u00e8re fois, lorsqu&rsquo;une banni\u00e8re de cookies s&rsquo;affiche, ou de g\u00e9rer ces param\u00e8tres \u00e0 tout moment par la suite en cliquant sur le lien Param\u00e8tres des cookies dans le pied de page du site web. Ces param\u00e8tres de cookies vous donnent la possibilit\u00e9 d&rsquo;accepter ou de refuser votre consentement \u00e0 chaque cat\u00e9gorie de cookies (\u00e0 l&rsquo;exception des cookies n\u00e9cessaires qui sont toujours actifs). Nos serveurs Web peuvent collecter passivement des donn\u00e9es par l&rsquo;utilisation de cookies et d&rsquo;autres moyens sur votre ordinateur et votre connexion Internet, comme l&rsquo;adresse IP de votre ordinateur et\/ou de votre fournisseur d&rsquo;acc\u00e8s Internet, la date et l&rsquo;heure d&rsquo;acc\u00e8s au site Web, l&rsquo;adresse Internet des sites Web \u00e0 partir desquels vous vous connectez \u00e0 notre site Web, la technologie informatique que vous utilisez et vos mouvements et pr\u00e9f\u00e9rences sur notre site Web. Nous pouvons \u00e9galement utiliser ces cookies pour collecter des informations en [&hellip;]<\/p>\n","protected":false},"author":1,"featured_media":0,"parent":0,"menu_order":0,"comment_status":"closed","ping_status":"closed","template":"","meta":{"footnotes":""},"class_list":["post-24","page","type-page","status-publish","hentry","post-no-thumbnail"],"_links":{"self":[{"href":"https:\/\/academyofvisioncare-france.fr\/opticiens\/wp-json\/wp\/v2\/pages\/24","targetHints":{"allow":["GET"]}}],"collection":[{"href":"https:\/\/academyofvisioncare-france.fr\/opticiens\/wp-json\/wp\/v2\/pages"}],"about":[{"href":"https:\/\/academyofvisioncare-france.fr\/opticiens\/wp-json\/wp\/v2\/types\/page"}],"author":[{"embeddable":true,"href":"https:\/\/academyofvisioncare-france.fr\/opticiens\/wp-json\/wp\/v2\/users\/1"}],"replies":[{"embeddable":true,"href":"https:\/\/academyofvisioncare-france.fr\/opticiens\/wp-json\/wp\/v2\/comments?post=24"}],"version-history":[{"count":5,"href":"https:\/\/academyofvisioncare-france.fr\/opticiens\/wp-json\/wp\/v2\/pages\/24\/revisions"}],"predecessor-version":[{"id":386,"href":"https:\/\/academyofvisioncare-france.fr\/opticiens\/wp-json\/wp\/v2\/pages\/24\/revisions\/386"}],"wp:attachment":[{"href":"https:\/\/academyofvisioncare-france.fr\/opticiens\/wp-json\/wp\/v2\/media?parent=24"}],"curies":[{"name":"wp","href":"https:\/\/api.w.org\/{rel}","templated":true}]}}