{"id":711,"date":"2025-03-14T13:33:32","date_gmt":"2025-03-14T12:33:32","guid":{"rendered":"https:\/\/academyofvisioncare-france.fr\/opticiens\/?page_id=711"},"modified":"2025-03-14T14:21:24","modified_gmt":"2025-03-14T13:21:24","slug":"informations-pratiques-paris","status":"publish","type":"page","link":"https:\/\/academyofvisioncare-france.fr\/opticiens\/informations-pratiques-paris\/","title":{"rendered":"Informations pratiques Paris"},"content":{"rendered":"<section class=\"wpb-content-wrapper\"><p>[vc_row][vc_column][tm_spacer size=\u00a0\u00bblg:40&Prime;][\/vc_column][\/vc_row][vc_row][vc_column width=\u00a0\u00bb1\/2&Prime;][vc_row_inner][vc_column_inner width=\u00a0\u00bb1\/6&Prime;][tm_image image_size=\u00a0\u00bbcustom\u00a0\u00bb xs_align=\u00a0\u00bbleft\u00a0\u00bb image=\u00a0\u00bb128&Prime; image_size_width=\u00a0\u00bb100&Prime; image_size_height=\u00a0\u00bb100&Prime;][tm_spacer size=\u00a0\u00bblg:20&Prime;][\/vc_column_inner][vc_column_inner width=\u00a0\u00bb5\/6&Prime;][vc_column_text]ISO Paris<br \/>\n33 rue Wurst,<br \/>\n75013 Paris<br \/>\nContact Ya\u00ebl Saada : 06 12 07 09 61<br \/>\nT\u00e9l. fixe : 01 53 95 29 29[\/vc_column_text][tm_spacer size=\u00a0\u00bblg:20&Prime;][\/vc_column_inner][\/vc_row_inner][\/vc_column][vc_column width=\u00a0\u00bb1\/2&Prime;][vc_row_inner][vc_column_inner width=\u00a0\u00bb1\/6&Prime;][tm_image image_size=\u00a0\u00bbcustom\u00a0\u00bb image=\u00a0\u00bb129&Prime; image_size_width=\u00a0\u00bb100&Prime; image_size_height=\u00a0\u00bb100&Prime;][tm_spacer size=\u00a0\u00bblg:20&Prime;][\/vc_column_inner][vc_column_inner width=\u00a0\u00bb5\/6&Prime;][vc_column_text]Transports :<br \/>\nM\u00e9tro ligne 6 : Corvisart ou Glaci\u00e8re<br \/>\nRER B : Cit\u00e9 universitaire[\/vc_column_text][tm_spacer size=\u00a0\u00bblg:20&Prime;][\/vc_column_inner][\/vc_row_inner][\/vc_column][\/vc_row][vc_row][vc_column width=\u00a0\u00bb1\/2&Prime;][vc_row_inner][vc_column_inner width=\u00a0\u00bb1\/6&Prime;][tm_image image_size=\u00a0\u00bbcustom\u00a0\u00bb image=\u00a0\u00bb130&Prime; image_size_width=\u00a0\u00bb100&Prime; image_size_height=\u00a0\u00bb100&Prime;][tm_spacer size=\u00a0\u00bblg:20&Prime;][\/vc_column_inner][vc_column_inner width=\u00a0\u00bb5\/6&Prime;][vc_column_text]Dur\u00e9e : 1 journ\u00e9e<br \/>\nTh\u00e9orie : 10h-12h<br \/>\nPratique : 13h-16h[\/vc_column_text][tm_spacer size=\u00a0\u00bblg:20&Prime;][\/vc_column_inner][\/vc_row_inner][\/vc_column][vc_column width=\u00a0\u00bb1\/2&Prime;][vc_row_inner][vc_column_inner width=\u00a0\u00bb1\/6&Prime;][tm_image image_size=\u00a0\u00bbcustom\u00a0\u00bb image=\u00a0\u00bb129&Prime; image_size_width=\u00a0\u00bb100&Prime; image_size_height=\u00a0\u00bb100&Prime;][tm_spacer size=\u00a0\u00bblg:20&Prime;][\/vc_column_inner][vc_column_inner width=\u00a0\u00bb5\/6&Prime;][vc_column_text]Restauration offerte<br \/>\npar Bausch+Lomb[\/vc_column_text][tm_spacer size=\u00a0\u00bblg:20&Prime;][tm_spacer size=\u00a0\u00bblg:20&Prime;][\/vc_column_inner][\/vc_row_inner][\/vc_column][\/vc_row][vc_row][vc_column][tm_spacer size=\u00a0\u00bblg:20&Prime;][vc_separator color=\u00a0\u00bbcustom\u00a0\u00bb align=\u00a0\u00bbalign_left\u00a0\u00bb border_width=\u00a0\u00bb3&Prime; el_width=\u00a0\u00bb40&Prime; accent_color=\u00a0\u00bb#79c3a9&Prime;][tm_spacer size=\u00a0\u00bblg:40&Prime;][\/vc_column][\/vc_row]<\/p>\n<\/section>","protected":false},"excerpt":{"rendered":"<p>[vc_row][vc_column][tm_spacer size=\u00a0\u00bblg:40&Prime;][\/vc_column][\/vc_row][vc_row][vc_column width=\u00a0\u00bb1\/2&Prime;][vc_row_inner][vc_column_inner width=\u00a0\u00bb1\/6&Prime;][tm_image image_size=\u00a0\u00bbcustom\u00a0\u00bb xs_align=\u00a0\u00bbleft\u00a0\u00bb image=\u00a0\u00bb128&Prime; image_size_width=\u00a0\u00bb100&Prime; image_size_height=\u00a0\u00bb100&Prime;][tm_spacer size=\u00a0\u00bblg:20&Prime;][\/vc_column_inner][vc_column_inner width=\u00a0\u00bb5\/6&Prime;][vc_column_text]ISO Paris 33 rue Wurst, 75013 Paris Contact Ya\u00ebl Saada : 06 12 07 09 61 T\u00e9l. fixe : 01 53 95 29 29[\/vc_column_text][tm_spacer size=\u00a0\u00bblg:20&Prime;][\/vc_column_inner][\/vc_row_inner][\/vc_column][vc_column width=\u00a0\u00bb1\/2&Prime;][vc_row_inner][vc_column_inner width=\u00a0\u00bb1\/6&Prime;][tm_image image_size=\u00a0\u00bbcustom\u00a0\u00bb image=\u00a0\u00bb129&Prime; image_size_width=\u00a0\u00bb100&Prime; image_size_height=\u00a0\u00bb100&Prime;][tm_spacer size=\u00a0\u00bblg:20&Prime;][\/vc_column_inner][vc_column_inner width=\u00a0\u00bb5\/6&Prime;][vc_column_text]Transports : M\u00e9tro ligne 6 : Corvisart ou Glaci\u00e8re RER B : Cit\u00e9 universitaire[\/vc_column_text][tm_spacer size=\u00a0\u00bblg:20&Prime;][\/vc_column_inner][\/vc_row_inner][\/vc_column][\/vc_row][vc_row][vc_column width=\u00a0\u00bb1\/2&Prime;][vc_row_inner][vc_column_inner width=\u00a0\u00bb1\/6&Prime;][tm_image image_size=\u00a0\u00bbcustom\u00a0\u00bb image=\u00a0\u00bb130&Prime; image_size_width=\u00a0\u00bb100&Prime; image_size_height=\u00a0\u00bb100&Prime;][tm_spacer size=\u00a0\u00bblg:20&Prime;][\/vc_column_inner][vc_column_inner width=\u00a0\u00bb5\/6&Prime;][vc_column_text]Dur\u00e9e : 1 journ\u00e9e Th\u00e9orie : 10h-12h Pratique : 13h-16h[\/vc_column_text][tm_spacer size=\u00a0\u00bblg:20&Prime;][\/vc_column_inner][\/vc_row_inner][\/vc_column][vc_column width=\u00a0\u00bb1\/2&Prime;][vc_row_inner][vc_column_inner width=\u00a0\u00bb1\/6&Prime;][tm_image image_size=\u00a0\u00bbcustom\u00a0\u00bb image=\u00a0\u00bb129&Prime; image_size_width=\u00a0\u00bb100&Prime; image_size_height=\u00a0\u00bb100&Prime;][tm_spacer size=\u00a0\u00bblg:20&Prime;][\/vc_column_inner][vc_column_inner width=\u00a0\u00bb5\/6&Prime;][vc_column_text]Restauration offerte par Bausch+Lomb[\/vc_column_text][tm_spacer size=\u00a0\u00bblg:20&Prime;][tm_spacer size=\u00a0\u00bblg:20&Prime;][\/vc_column_inner][\/vc_row_inner][\/vc_column][\/vc_row][vc_row][vc_column][tm_spacer size=\u00a0\u00bblg:20&Prime;][vc_separator color=\u00a0\u00bbcustom\u00a0\u00bb align=\u00a0\u00bbalign_left\u00a0\u00bb border_width=\u00a0\u00bb3&Prime; el_width=\u00a0\u00bb40&Prime; accent_color=\u00a0\u00bb#79c3a9&Prime;][tm_spacer size=\u00a0\u00bblg:40&Prime;][\/vc_column][\/vc_row]<\/p>\n","protected":false},"author":1,"featured_media":0,"parent":0,"menu_order":0,"comment_status":"closed","ping_status":"closed","template":"","meta":{"footnotes":""},"class_list":["post-711","page","type-page","status-publish","hentry","post-no-thumbnail"],"_links":{"self":[{"href":"https:\/\/academyofvisioncare-france.fr\/opticiens\/wp-json\/wp\/v2\/pages\/711","targetHints":{"allow":["GET"]}}],"collection":[{"href":"https:\/\/academyofvisioncare-france.fr\/opticiens\/wp-json\/wp\/v2\/pages"}],"about":[{"href":"https:\/\/academyofvisioncare-france.fr\/opticiens\/wp-json\/wp\/v2\/types\/page"}],"author":[{"embeddable":true,"href":"https:\/\/academyofvisioncare-france.fr\/opticiens\/wp-json\/wp\/v2\/users\/1"}],"replies":[{"embeddable":true,"href":"https:\/\/academyofvisioncare-france.fr\/opticiens\/wp-json\/wp\/v2\/comments?post=711"}],"version-history":[{"count":5,"href":"https:\/\/academyofvisioncare-france.fr\/opticiens\/wp-json\/wp\/v2\/pages\/711\/revisions"}],"predecessor-version":[{"id":716,"href":"https:\/\/academyofvisioncare-france.fr\/opticiens\/wp-json\/wp\/v2\/pages\/711\/revisions\/716"}],"wp:attachment":[{"href":"https:\/\/academyofvisioncare-france.fr\/opticiens\/wp-json\/wp\/v2\/media?parent=711"}],"curies":[{"name":"wp","href":"https:\/\/api.w.org\/{rel}","templated":true}]}}