{"id":741,"date":"2025-03-17T10:11:30","date_gmt":"2025-03-17T09:11:30","guid":{"rendered":"https:\/\/academyofvisioncare-france.fr\/opticiens\/?page_id=741"},"modified":"2025-05-19T10:32:03","modified_gmt":"2025-05-19T08:32:03","slug":"informations-pratiques-rennes","status":"publish","type":"page","link":"https:\/\/academyofvisioncare-france.fr\/opticiens\/informations-pratiques-rennes\/","title":{"rendered":"Informations pratiques Rennes"},"content":{"rendered":"<section class=\"wpb-content-wrapper\"><p>[vc_row][vc_column][tm_spacer size=\u00a0\u00bblg:40&Prime;][\/vc_column][\/vc_row][vc_row][vc_column width=\u00a0\u00bb1\/2&Prime;][vc_row_inner][vc_column_inner width=\u00a0\u00bb1\/6&Prime;][tm_image image_size=\u00a0\u00bbcustom\u00a0\u00bb xs_align=\u00a0\u00bbleft\u00a0\u00bb image=\u00a0\u00bb128&Prime; image_size_width=\u00a0\u00bb100&Prime; image_size_height=\u00a0\u00bb100&Prime;][tm_spacer size=\u00a0\u00bblg:20&Prime;][\/vc_column_inner][vc_column_inner width=\u00a0\u00bb5\/6&Prime;][vc_column_text]ISO Rennes<br \/>\n7 Bd Solf\u00e9rino,<br \/>\n35000 Rennes<br \/>\nContact Ana\u00efs Le Mesnager : 06 09 35 93 34[\/vc_column_text][tm_spacer size=\u00a0\u00bblg:20&Prime;][\/vc_column_inner][\/vc_row_inner][\/vc_column][vc_column width=\u00a0\u00bb1\/2&Prime;][vc_row_inner][vc_column_inner width=\u00a0\u00bb1\/6&Prime;][tm_image image_size=\u00a0\u00bbcustom\u00a0\u00bb image=\u00a0\u00bb129&Prime; image_size_width=\u00a0\u00bb100&Prime; image_size_height=\u00a0\u00bb100&Prime;][tm_spacer size=\u00a0\u00bblg:20&Prime;][\/vc_column_inner][vc_column_inner width=\u00a0\u00bb5\/6&Prime;][vc_column_text]Gare en face l\u2019\u00e9cole<br \/>\nM\u00e9tro \u00e0 proximit\u00e9 arr\u00eat Gare<br \/>\nParking de la gare ou rue adjacente[\/vc_column_text][tm_spacer size=\u00a0\u00bblg:20&Prime;][\/vc_column_inner][\/vc_row_inner][\/vc_column][\/vc_row][vc_row][vc_column width=\u00a0\u00bb1\/2&Prime;][vc_row_inner][vc_column_inner width=\u00a0\u00bb1\/6&Prime;][tm_image image_size=\u00a0\u00bbcustom\u00a0\u00bb image=\u00a0\u00bb130&Prime; image_size_width=\u00a0\u00bb100&Prime; image_size_height=\u00a0\u00bb100&Prime;][tm_spacer size=\u00a0\u00bblg:20&Prime;][\/vc_column_inner][vc_column_inner width=\u00a0\u00bb5\/6&Prime;][vc_column_text]Dur\u00e9e : 1 journ\u00e9e<br \/>\nTh\u00e9orie : 9h30-12h<br \/>\nPratique : 13h-16h30[\/vc_column_text][tm_spacer size=\u00a0\u00bblg:20&Prime;][\/vc_column_inner][\/vc_row_inner][\/vc_column][vc_column width=\u00a0\u00bb1\/2&Prime;][vc_row_inner][vc_column_inner width=\u00a0\u00bb1\/6&Prime;][tm_image image_size=\u00a0\u00bbcustom\u00a0\u00bb image=\u00a0\u00bb129&Prime; image_size_width=\u00a0\u00bb100&Prime; image_size_height=\u00a0\u00bb100&Prime;][tm_spacer size=\u00a0\u00bblg:20&Prime;][\/vc_column_inner][vc_column_inner width=\u00a0\u00bb5\/6&Prime;][vc_column_text]Restauration offerte<br \/>\npar Bausch+Lomb[\/vc_column_text][tm_spacer size=\u00a0\u00bblg:20&Prime;][tm_spacer size=\u00a0\u00bblg:20&Prime;][\/vc_column_inner][\/vc_row_inner][\/vc_column][\/vc_row][vc_row][vc_column][tm_spacer size=\u00a0\u00bblg:20&Prime;][vc_separator color=\u00a0\u00bbcustom\u00a0\u00bb align=\u00a0\u00bbalign_left\u00a0\u00bb border_width=\u00a0\u00bb3&Prime; el_width=\u00a0\u00bb40&Prime; accent_color=\u00a0\u00bb#79c3a9&Prime;][tm_spacer size=\u00a0\u00bblg:40&Prime;][\/vc_column][\/vc_row]<\/p>\n<\/section>","protected":false},"excerpt":{"rendered":"<p>[vc_row][vc_column][tm_spacer size=\u00a0\u00bblg:40&Prime;][\/vc_column][\/vc_row][vc_row][vc_column width=\u00a0\u00bb1\/2&Prime;][vc_row_inner][vc_column_inner width=\u00a0\u00bb1\/6&Prime;][tm_image image_size=\u00a0\u00bbcustom\u00a0\u00bb xs_align=\u00a0\u00bbleft\u00a0\u00bb image=\u00a0\u00bb128&Prime; image_size_width=\u00a0\u00bb100&Prime; image_size_height=\u00a0\u00bb100&Prime;][tm_spacer size=\u00a0\u00bblg:20&Prime;][\/vc_column_inner][vc_column_inner width=\u00a0\u00bb5\/6&Prime;][vc_column_text]ISO Rennes 7 Bd Solf\u00e9rino, 35000 Rennes Contact Ana\u00efs Le Mesnager : 06 09 35 93 34[\/vc_column_text][tm_spacer size=\u00a0\u00bblg:20&Prime;][\/vc_column_inner][\/vc_row_inner][\/vc_column][vc_column width=\u00a0\u00bb1\/2&Prime;][vc_row_inner][vc_column_inner width=\u00a0\u00bb1\/6&Prime;][tm_image image_size=\u00a0\u00bbcustom\u00a0\u00bb image=\u00a0\u00bb129&Prime; image_size_width=\u00a0\u00bb100&Prime; image_size_height=\u00a0\u00bb100&Prime;][tm_spacer size=\u00a0\u00bblg:20&Prime;][\/vc_column_inner][vc_column_inner width=\u00a0\u00bb5\/6&Prime;][vc_column_text]Gare en face l\u2019\u00e9cole M\u00e9tro \u00e0 proximit\u00e9 arr\u00eat Gare Parking de la gare ou rue adjacente[\/vc_column_text][tm_spacer size=\u00a0\u00bblg:20&Prime;][\/vc_column_inner][\/vc_row_inner][\/vc_column][\/vc_row][vc_row][vc_column width=\u00a0\u00bb1\/2&Prime;][vc_row_inner][vc_column_inner width=\u00a0\u00bb1\/6&Prime;][tm_image image_size=\u00a0\u00bbcustom\u00a0\u00bb image=\u00a0\u00bb130&Prime; image_size_width=\u00a0\u00bb100&Prime; image_size_height=\u00a0\u00bb100&Prime;][tm_spacer size=\u00a0\u00bblg:20&Prime;][\/vc_column_inner][vc_column_inner width=\u00a0\u00bb5\/6&Prime;][vc_column_text]Dur\u00e9e : 1 journ\u00e9e Th\u00e9orie : 9h30-12h Pratique : 13h-16h30[\/vc_column_text][tm_spacer size=\u00a0\u00bblg:20&Prime;][\/vc_column_inner][\/vc_row_inner][\/vc_column][vc_column width=\u00a0\u00bb1\/2&Prime;][vc_row_inner][vc_column_inner width=\u00a0\u00bb1\/6&Prime;][tm_image image_size=\u00a0\u00bbcustom\u00a0\u00bb image=\u00a0\u00bb129&Prime; image_size_width=\u00a0\u00bb100&Prime; image_size_height=\u00a0\u00bb100&Prime;][tm_spacer size=\u00a0\u00bblg:20&Prime;][\/vc_column_inner][vc_column_inner width=\u00a0\u00bb5\/6&Prime;][vc_column_text]Restauration offerte par Bausch+Lomb[\/vc_column_text][tm_spacer size=\u00a0\u00bblg:20&Prime;][tm_spacer size=\u00a0\u00bblg:20&Prime;][\/vc_column_inner][\/vc_row_inner][\/vc_column][\/vc_row][vc_row][vc_column][tm_spacer size=\u00a0\u00bblg:20&Prime;][vc_separator color=\u00a0\u00bbcustom\u00a0\u00bb align=\u00a0\u00bbalign_left\u00a0\u00bb border_width=\u00a0\u00bb3&Prime; el_width=\u00a0\u00bb40&Prime; accent_color=\u00a0\u00bb#79c3a9&Prime;][tm_spacer size=\u00a0\u00bblg:40&Prime;][\/vc_column][\/vc_row]<\/p>\n","protected":false},"author":1,"featured_media":0,"parent":0,"menu_order":0,"comment_status":"closed","ping_status":"closed","template":"","meta":{"footnotes":""},"class_list":["post-741","page","type-page","status-publish","hentry","post-no-thumbnail"],"_links":{"self":[{"href":"https:\/\/academyofvisioncare-france.fr\/opticiens\/wp-json\/wp\/v2\/pages\/741","targetHints":{"allow":["GET"]}}],"collection":[{"href":"https:\/\/academyofvisioncare-france.fr\/opticiens\/wp-json\/wp\/v2\/pages"}],"about":[{"href":"https:\/\/academyofvisioncare-france.fr\/opticiens\/wp-json\/wp\/v2\/types\/page"}],"author":[{"embeddable":true,"href":"https:\/\/academyofvisioncare-france.fr\/opticiens\/wp-json\/wp\/v2\/users\/1"}],"replies":[{"embeddable":true,"href":"https:\/\/academyofvisioncare-france.fr\/opticiens\/wp-json\/wp\/v2\/comments?post=741"}],"version-history":[{"count":5,"href":"https:\/\/academyofvisioncare-france.fr\/opticiens\/wp-json\/wp\/v2\/pages\/741\/revisions"}],"predecessor-version":[{"id":743,"href":"https:\/\/academyofvisioncare-france.fr\/opticiens\/wp-json\/wp\/v2\/pages\/741\/revisions\/743"}],"wp:attachment":[{"href":"https:\/\/academyofvisioncare-france.fr\/opticiens\/wp-json\/wp\/v2\/media?parent=741"}],"curies":[{"name":"wp","href":"https:\/\/api.w.org\/{rel}","templated":true}]}}