{"id":772,"date":"2025-05-06T16:11:23","date_gmt":"2025-05-06T14:11:23","guid":{"rendered":"https:\/\/academyofvisioncare-france.fr\/opticiens\/?page_id=772"},"modified":"2025-05-06T16:11:23","modified_gmt":"2025-05-06T14:11:23","slug":"informations-pratiques-nantes","status":"publish","type":"page","link":"https:\/\/academyofvisioncare-france.fr\/opticiens\/informations-pratiques-nantes\/","title":{"rendered":"Informations pratiques Nantes"},"content":{"rendered":"<section class=\"wpb-content-wrapper\"><p>[vc_row][vc_column][tm_spacer size=\u00a0\u00bblg:40&Prime;][\/vc_column][\/vc_row][vc_row][vc_column width=\u00a0\u00bb1\/2&Prime;][vc_row_inner][vc_column_inner width=\u00a0\u00bb1\/6&Prime;][tm_image image_size=\u00a0\u00bbcustom\u00a0\u00bb xs_align=\u00a0\u00bbleft\u00a0\u00bb image=\u00a0\u00bb128&Prime; image_size_width=\u00a0\u00bb100&Prime; image_size_height=\u00a0\u00bb100&Prime;][tm_spacer size=\u00a0\u00bblg:20&Prime;][\/vc_column_inner][vc_column_inner width=\u00a0\u00bb5\/6&Prime;][vc_column_text]ISO Nantes<br \/>\n14 rue de la Raini\u00e8re,<br \/>\n44300 Nantes<br \/>\nContact Gildas Trouv\u00e9 : 06 03 81 67 45[\/vc_column_text][tm_spacer size=\u00a0\u00bblg:20&Prime;][\/vc_column_inner][\/vc_row_inner][\/vc_column][vc_column width=\u00a0\u00bb1\/2&Prime;][vc_row_inner][vc_column_inner width=\u00a0\u00bb1\/6&Prime;][tm_image image_size=\u00a0\u00bbcustom\u00a0\u00bb image=\u00a0\u00bb129&Prime; image_size_width=\u00a0\u00bb100&Prime; image_size_height=\u00a0\u00bb100&Prime;][tm_spacer size=\u00a0\u00bblg:20&Prime;][\/vc_column_inner][vc_column_inner width=\u00a0\u00bb5\/6&Prime;][vc_column_text]Gare de Nantes et parking sur place[\/vc_column_text][tm_spacer size=\u00a0\u00bblg:20&Prime;][\/vc_column_inner][\/vc_row_inner][\/vc_column][\/vc_row][vc_row][vc_column width=\u00a0\u00bb1\/2&Prime;][vc_row_inner][vc_column_inner width=\u00a0\u00bb1\/6&Prime;][tm_image image_size=\u00a0\u00bbcustom\u00a0\u00bb image=\u00a0\u00bb130&Prime; image_size_width=\u00a0\u00bb100&Prime; image_size_height=\u00a0\u00bb100&Prime;][tm_spacer size=\u00a0\u00bblg:20&Prime;][\/vc_column_inner][vc_column_inner width=\u00a0\u00bb5\/6&Prime;][vc_column_text]Dur\u00e9e : 1 journ\u00e9e<br \/>\nTh\u00e9orie : 10h-12h<br \/>\nPratique : 13h-16h[\/vc_column_text][tm_spacer size=\u00a0\u00bblg:20&Prime;][\/vc_column_inner][\/vc_row_inner][\/vc_column][vc_column width=\u00a0\u00bb1\/2&Prime;][vc_row_inner][vc_column_inner width=\u00a0\u00bb1\/6&Prime;][tm_image image_size=\u00a0\u00bbcustom\u00a0\u00bb image=\u00a0\u00bb129&Prime; image_size_width=\u00a0\u00bb100&Prime; image_size_height=\u00a0\u00bb100&Prime;][tm_spacer size=\u00a0\u00bblg:20&Prime;][\/vc_column_inner][vc_column_inner width=\u00a0\u00bb5\/6&Prime;][vc_column_text]Restauration offerte<br \/>\npar Bausch+Lomb[\/vc_column_text][tm_spacer size=\u00a0\u00bblg:20&Prime;][tm_spacer size=\u00a0\u00bblg:20&Prime;][\/vc_column_inner][\/vc_row_inner][\/vc_column][\/vc_row][vc_row][vc_column][tm_spacer size=\u00a0\u00bblg:20&Prime;][vc_separator color=\u00a0\u00bbcustom\u00a0\u00bb align=\u00a0\u00bbalign_left\u00a0\u00bb border_width=\u00a0\u00bb3&Prime; el_width=\u00a0\u00bb40&Prime; accent_color=\u00a0\u00bb#79c3a9&Prime;][tm_spacer size=\u00a0\u00bblg:40&Prime;][\/vc_column][\/vc_row]<\/p>\n<\/section>","protected":false},"excerpt":{"rendered":"<p>[vc_row][vc_column][tm_spacer size=\u00a0\u00bblg:40&Prime;][\/vc_column][\/vc_row][vc_row][vc_column width=\u00a0\u00bb1\/2&Prime;][vc_row_inner][vc_column_inner width=\u00a0\u00bb1\/6&Prime;][tm_image image_size=\u00a0\u00bbcustom\u00a0\u00bb xs_align=\u00a0\u00bbleft\u00a0\u00bb image=\u00a0\u00bb128&Prime; image_size_width=\u00a0\u00bb100&Prime; image_size_height=\u00a0\u00bb100&Prime;][tm_spacer size=\u00a0\u00bblg:20&Prime;][\/vc_column_inner][vc_column_inner width=\u00a0\u00bb5\/6&Prime;][vc_column_text]ISO Nantes 14 rue de la Raini\u00e8re, 44300 Nantes Contact Gildas Trouv\u00e9 : 06 03 81 67 45[\/vc_column_text][tm_spacer size=\u00a0\u00bblg:20&Prime;][\/vc_column_inner][\/vc_row_inner][\/vc_column][vc_column width=\u00a0\u00bb1\/2&Prime;][vc_row_inner][vc_column_inner width=\u00a0\u00bb1\/6&Prime;][tm_image image_size=\u00a0\u00bbcustom\u00a0\u00bb image=\u00a0\u00bb129&Prime; image_size_width=\u00a0\u00bb100&Prime; image_size_height=\u00a0\u00bb100&Prime;][tm_spacer size=\u00a0\u00bblg:20&Prime;][\/vc_column_inner][vc_column_inner width=\u00a0\u00bb5\/6&Prime;][vc_column_text]Gare de Nantes et parking sur place[\/vc_column_text][tm_spacer size=\u00a0\u00bblg:20&Prime;][\/vc_column_inner][\/vc_row_inner][\/vc_column][\/vc_row][vc_row][vc_column width=\u00a0\u00bb1\/2&Prime;][vc_row_inner][vc_column_inner width=\u00a0\u00bb1\/6&Prime;][tm_image image_size=\u00a0\u00bbcustom\u00a0\u00bb image=\u00a0\u00bb130&Prime; image_size_width=\u00a0\u00bb100&Prime; image_size_height=\u00a0\u00bb100&Prime;][tm_spacer size=\u00a0\u00bblg:20&Prime;][\/vc_column_inner][vc_column_inner width=\u00a0\u00bb5\/6&Prime;][vc_column_text]Dur\u00e9e : 1 journ\u00e9e Th\u00e9orie : 10h-12h Pratique : 13h-16h[\/vc_column_text][tm_spacer size=\u00a0\u00bblg:20&Prime;][\/vc_column_inner][\/vc_row_inner][\/vc_column][vc_column width=\u00a0\u00bb1\/2&Prime;][vc_row_inner][vc_column_inner width=\u00a0\u00bb1\/6&Prime;][tm_image image_size=\u00a0\u00bbcustom\u00a0\u00bb image=\u00a0\u00bb129&Prime; image_size_width=\u00a0\u00bb100&Prime; image_size_height=\u00a0\u00bb100&Prime;][tm_spacer size=\u00a0\u00bblg:20&Prime;][\/vc_column_inner][vc_column_inner width=\u00a0\u00bb5\/6&Prime;][vc_column_text]Restauration offerte par Bausch+Lomb[\/vc_column_text][tm_spacer size=\u00a0\u00bblg:20&Prime;][tm_spacer size=\u00a0\u00bblg:20&Prime;][\/vc_column_inner][\/vc_row_inner][\/vc_column][\/vc_row][vc_row][vc_column][tm_spacer size=\u00a0\u00bblg:20&Prime;][vc_separator color=\u00a0\u00bbcustom\u00a0\u00bb align=\u00a0\u00bbalign_left\u00a0\u00bb border_width=\u00a0\u00bb3&Prime; el_width=\u00a0\u00bb40&Prime; accent_color=\u00a0\u00bb#79c3a9&Prime;][tm_spacer size=\u00a0\u00bblg:40&Prime;][\/vc_column][\/vc_row]<\/p>\n","protected":false},"author":1,"featured_media":0,"parent":0,"menu_order":0,"comment_status":"closed","ping_status":"closed","template":"","meta":{"footnotes":""},"class_list":["post-772","page","type-page","status-publish","hentry","post-no-thumbnail"],"_links":{"self":[{"href":"https:\/\/academyofvisioncare-france.fr\/opticiens\/wp-json\/wp\/v2\/pages\/772","targetHints":{"allow":["GET"]}}],"collection":[{"href":"https:\/\/academyofvisioncare-france.fr\/opticiens\/wp-json\/wp\/v2\/pages"}],"about":[{"href":"https:\/\/academyofvisioncare-france.fr\/opticiens\/wp-json\/wp\/v2\/types\/page"}],"author":[{"embeddable":true,"href":"https:\/\/academyofvisioncare-france.fr\/opticiens\/wp-json\/wp\/v2\/users\/1"}],"replies":[{"embeddable":true,"href":"https:\/\/academyofvisioncare-france.fr\/opticiens\/wp-json\/wp\/v2\/comments?post=772"}],"version-history":[{"count":1,"href":"https:\/\/academyofvisioncare-france.fr\/opticiens\/wp-json\/wp\/v2\/pages\/772\/revisions"}],"predecessor-version":[{"id":773,"href":"https:\/\/academyofvisioncare-france.fr\/opticiens\/wp-json\/wp\/v2\/pages\/772\/revisions\/773"}],"wp:attachment":[{"href":"https:\/\/academyofvisioncare-france.fr\/opticiens\/wp-json\/wp\/v2\/media?parent=772"}],"curies":[{"name":"wp","href":"https:\/\/api.w.org\/{rel}","templated":true}]}}