{"id":891,"date":"2025-10-03T10:00:17","date_gmt":"2025-10-03T08:00:17","guid":{"rendered":"https:\/\/academyofvisioncare-france.fr\/opticiens\/?page_id=891"},"modified":"2026-04-10T12:12:34","modified_gmt":"2026-04-10T10:12:34","slug":"informations-pratiques-strasbourg","status":"publish","type":"page","link":"https:\/\/academyofvisioncare-france.fr\/opticiens\/informations-pratiques-strasbourg\/","title":{"rendered":"Informations pratiques Strasbourg"},"content":{"rendered":"<section class=\"wpb-content-wrapper\"><p>[vc_row][vc_column][tm_spacer size=\u00a0\u00bblg:40&Prime;][\/vc_column][\/vc_row][vc_row][vc_column width=\u00a0\u00bb1\/2&Prime;][vc_row_inner][vc_column_inner width=\u00a0\u00bb1\/6&Prime;][tm_image image_size=\u00a0\u00bbcustom\u00a0\u00bb xs_align=\u00a0\u00bbleft\u00a0\u00bb image=\u00a0\u00bb128&Prime; image_size_width=\u00a0\u00bb100&Prime; image_size_height=\u00a0\u00bb100&Prime;][tm_spacer size=\u00a0\u00bblg:20&Prime;][\/vc_column_inner][vc_column_inner width=\u00a0\u00bb5\/6&Prime;][vc_column_text]Lyc\u00e9e priv\u00e9 ORT<br \/>\n14 rue Sell\u00e9nick,<br \/>\n67000 Strasbourg<br \/>\nApolina James : 06 13 43 27 38[\/vc_column_text][tm_spacer size=\u00a0\u00bblg:20&Prime;][\/vc_column_inner][\/vc_row_inner][\/vc_column][vc_column width=\u00a0\u00bb1\/2&Prime;][vc_row_inner][vc_column_inner width=\u00a0\u00bb1\/6&Prime;][tm_image image_size=\u00a0\u00bbcustom\u00a0\u00bb image=\u00a0\u00bb129&Prime; image_size_width=\u00a0\u00bb100&Prime; image_size_height=\u00a0\u00bb100&Prime;][tm_spacer size=\u00a0\u00bblg:20&Prime;][\/vc_column_inner][vc_column_inner width=\u00a0\u00bb5\/6&Prime;][vc_column_text]20 minutes \u00e0 pied depuis la Gare centrale<br \/>\nou Bus H ou 10 arr\u00eat Phalsbourg depuis la gare<\/p>\n<p>Stationnement payant dans la rue[\/vc_column_text][tm_spacer size=\u00a0\u00bblg:20&Prime;][\/vc_column_inner][\/vc_row_inner][\/vc_column][\/vc_row][vc_row][vc_column width=\u00a0\u00bb1\/2&Prime;][vc_row_inner][vc_column_inner width=\u00a0\u00bb1\/6&Prime;][tm_image image_size=\u00a0\u00bbcustom\u00a0\u00bb image=\u00a0\u00bb130&Prime; image_size_width=\u00a0\u00bb100&Prime; image_size_height=\u00a0\u00bb100&Prime;][tm_spacer size=\u00a0\u00bblg:20&Prime;][\/vc_column_inner][vc_column_inner width=\u00a0\u00bb5\/6&Prime;][vc_column_text]Dur\u00e9e : 1 journ\u00e9e<br \/>\nAccueil : 9h00<br \/>\nTh\u00e9orie : 9h30-12h<br \/>\nPratique : 13h30-16h[\/vc_column_text][tm_spacer size=\u00a0\u00bblg:20&Prime;][\/vc_column_inner][\/vc_row_inner][\/vc_column][vc_column width=\u00a0\u00bb1\/2&Prime;][vc_row_inner][vc_column_inner width=\u00a0\u00bb1\/6&Prime;][tm_image image_size=\u00a0\u00bbcustom\u00a0\u00bb image=\u00a0\u00bb129&Prime; image_size_width=\u00a0\u00bb100&Prime; image_size_height=\u00a0\u00bb100&Prime;][tm_spacer size=\u00a0\u00bblg:20&Prime;][\/vc_column_inner][vc_column_inner width=\u00a0\u00bb5\/6&Prime;][vc_column_text]Restauration offerte<br \/>\npar Bausch+Lomb[\/vc_column_text][tm_spacer size=\u00a0\u00bblg:20&Prime;][tm_spacer size=\u00a0\u00bblg:20&Prime;][\/vc_column_inner][\/vc_row_inner][\/vc_column][\/vc_row][vc_row][vc_column][tm_spacer size=\u00a0\u00bblg:20&Prime;][vc_separator color=\u00a0\u00bbcustom\u00a0\u00bb align=\u00a0\u00bbalign_left\u00a0\u00bb border_width=\u00a0\u00bb3&Prime; el_width=\u00a0\u00bb40&Prime; accent_color=\u00a0\u00bb#79c3a9&Prime;][tm_spacer size=\u00a0\u00bblg:40&Prime;][\/vc_column][\/vc_row]<\/p>\n<\/section>","protected":false},"excerpt":{"rendered":"<p>[vc_row][vc_column][tm_spacer size=\u00a0\u00bblg:40&Prime;][\/vc_column][\/vc_row][vc_row][vc_column width=\u00a0\u00bb1\/2&Prime;][vc_row_inner][vc_column_inner width=\u00a0\u00bb1\/6&Prime;][tm_image image_size=\u00a0\u00bbcustom\u00a0\u00bb xs_align=\u00a0\u00bbleft\u00a0\u00bb image=\u00a0\u00bb128&Prime; image_size_width=\u00a0\u00bb100&Prime; image_size_height=\u00a0\u00bb100&Prime;][tm_spacer size=\u00a0\u00bblg:20&Prime;][\/vc_column_inner][vc_column_inner width=\u00a0\u00bb5\/6&Prime;][vc_column_text]Lyc\u00e9e priv\u00e9 ORT 14 rue Sell\u00e9nick, 67000 Strasbourg Apolina James : 06 13 43 27 38[\/vc_column_text][tm_spacer size=\u00a0\u00bblg:20&Prime;][\/vc_column_inner][\/vc_row_inner][\/vc_column][vc_column width=\u00a0\u00bb1\/2&Prime;][vc_row_inner][vc_column_inner width=\u00a0\u00bb1\/6&Prime;][tm_image image_size=\u00a0\u00bbcustom\u00a0\u00bb image=\u00a0\u00bb129&Prime; image_size_width=\u00a0\u00bb100&Prime; image_size_height=\u00a0\u00bb100&Prime;][tm_spacer size=\u00a0\u00bblg:20&Prime;][\/vc_column_inner][vc_column_inner width=\u00a0\u00bb5\/6&Prime;][vc_column_text]20 minutes \u00e0 pied depuis la Gare centrale ou Bus H ou 10 arr\u00eat Phalsbourg depuis la gare Stationnement payant dans la rue[\/vc_column_text][tm_spacer size=\u00a0\u00bblg:20&Prime;][\/vc_column_inner][\/vc_row_inner][\/vc_column][\/vc_row][vc_row][vc_column width=\u00a0\u00bb1\/2&Prime;][vc_row_inner][vc_column_inner width=\u00a0\u00bb1\/6&Prime;][tm_image image_size=\u00a0\u00bbcustom\u00a0\u00bb image=\u00a0\u00bb130&Prime; image_size_width=\u00a0\u00bb100&Prime; image_size_height=\u00a0\u00bb100&Prime;][tm_spacer size=\u00a0\u00bblg:20&Prime;][\/vc_column_inner][vc_column_inner width=\u00a0\u00bb5\/6&Prime;][vc_column_text]Dur\u00e9e : 1 journ\u00e9e Accueil : 9h00 Th\u00e9orie : 9h30-12h Pratique : 13h30-16h[\/vc_column_text][tm_spacer size=\u00a0\u00bblg:20&Prime;][\/vc_column_inner][\/vc_row_inner][\/vc_column][vc_column width=\u00a0\u00bb1\/2&Prime;][vc_row_inner][vc_column_inner width=\u00a0\u00bb1\/6&Prime;][tm_image image_size=\u00a0\u00bbcustom\u00a0\u00bb image=\u00a0\u00bb129&Prime; image_size_width=\u00a0\u00bb100&Prime; image_size_height=\u00a0\u00bb100&Prime;][tm_spacer size=\u00a0\u00bblg:20&Prime;][\/vc_column_inner][vc_column_inner width=\u00a0\u00bb5\/6&Prime;][vc_column_text]Restauration offerte par Bausch+Lomb[\/vc_column_text][tm_spacer size=\u00a0\u00bblg:20&Prime;][tm_spacer size=\u00a0\u00bblg:20&Prime;][\/vc_column_inner][\/vc_row_inner][\/vc_column][\/vc_row][vc_row][vc_column][tm_spacer size=\u00a0\u00bblg:20&Prime;][vc_separator color=\u00a0\u00bbcustom\u00a0\u00bb align=\u00a0\u00bbalign_left\u00a0\u00bb border_width=\u00a0\u00bb3&Prime; el_width=\u00a0\u00bb40&Prime; accent_color=\u00a0\u00bb#79c3a9&Prime;][tm_spacer size=\u00a0\u00bblg:40&Prime;][\/vc_column][\/vc_row]<\/p>\n","protected":false},"author":1,"featured_media":0,"parent":0,"menu_order":0,"comment_status":"closed","ping_status":"closed","template":"","meta":{"footnotes":""},"class_list":["post-891","page","type-page","status-publish","hentry","post-no-thumbnail"],"_links":{"self":[{"href":"https:\/\/academyofvisioncare-france.fr\/opticiens\/wp-json\/wp\/v2\/pages\/891","targetHints":{"allow":["GET"]}}],"collection":[{"href":"https:\/\/academyofvisioncare-france.fr\/opticiens\/wp-json\/wp\/v2\/pages"}],"about":[{"href":"https:\/\/academyofvisioncare-france.fr\/opticiens\/wp-json\/wp\/v2\/types\/page"}],"author":[{"embeddable":true,"href":"https:\/\/academyofvisioncare-france.fr\/opticiens\/wp-json\/wp\/v2\/users\/1"}],"replies":[{"embeddable":true,"href":"https:\/\/academyofvisioncare-france.fr\/opticiens\/wp-json\/wp\/v2\/comments?post=891"}],"version-history":[{"count":4,"href":"https:\/\/academyofvisioncare-france.fr\/opticiens\/wp-json\/wp\/v2\/pages\/891\/revisions"}],"predecessor-version":[{"id":1036,"href":"https:\/\/academyofvisioncare-france.fr\/opticiens\/wp-json\/wp\/v2\/pages\/891\/revisions\/1036"}],"wp:attachment":[{"href":"https:\/\/academyofvisioncare-france.fr\/opticiens\/wp-json\/wp\/v2\/media?parent=891"}],"curies":[{"name":"wp","href":"https:\/\/api.w.org\/{rel}","templated":true}]}}