{"id":918,"date":"2025-11-17T06:53:49","date_gmt":"2025-11-17T05:53:49","guid":{"rendered":"https:\/\/academyofvisioncare-france.fr\/opticiens\/?page_id=918"},"modified":"2025-11-17T06:54:04","modified_gmt":"2025-11-17T05:54:04","slug":"informations-pratiques-bordeaux","status":"publish","type":"page","link":"https:\/\/academyofvisioncare-france.fr\/opticiens\/informations-pratiques-bordeaux\/","title":{"rendered":"Informations pratiques Bordeaux"},"content":{"rendered":"<section class=\"wpb-content-wrapper\"><p>[vc_row][vc_column][tm_spacer size=\u00a0\u00bblg:40&Prime;][\/vc_column][\/vc_row][vc_row][vc_column width=\u00a0\u00bb1\/2&Prime;][vc_row_inner][vc_column_inner width=\u00a0\u00bb1\/6&Prime;][tm_image image_size=\u00a0\u00bbcustom\u00a0\u00bb xs_align=\u00a0\u00bbleft\u00a0\u00bb image=\u00a0\u00bb128&Prime; image_size_width=\u00a0\u00bb100&Prime; image_size_height=\u00a0\u00bb100&Prime;][tm_spacer size=\u00a0\u00bblg:20&Prime;][\/vc_column_inner][vc_column_inner width=\u00a0\u00bb5\/6&Prime;][vc_column_text]ISO Bordeaux<br \/>\n323 avenue THIERS,<br \/>\n33100 Bordeaux<br \/>\nContact Philippe PITOUS : 06 10 63 30 71<br \/>\nou Fixe ISO Bordeaux : 05 56 00 02 07[\/vc_column_text][tm_spacer size=\u00a0\u00bblg:20&Prime;][\/vc_column_inner][\/vc_row_inner][\/vc_column][vc_column width=\u00a0\u00bb1\/2&Prime;][vc_row_inner][vc_column_inner width=\u00a0\u00bb1\/6&Prime;][tm_image image_size=\u00a0\u00bbcustom\u00a0\u00bb image=\u00a0\u00bb129&Prime; image_size_width=\u00a0\u00bb100&Prime; image_size_height=\u00a0\u00bb100&Prime;][tm_spacer size=\u00a0\u00bblg:20&Prime;][\/vc_column_inner][vc_column_inner width=\u00a0\u00bb5\/6&Prime;][vc_column_text]Transport : TRAM A Jean Jaur\u00e8s<br \/>\nParking GALIN[\/vc_column_text][tm_spacer size=\u00a0\u00bblg:20&Prime;][\/vc_column_inner][\/vc_row_inner][\/vc_column][\/vc_row][vc_row][vc_column width=\u00a0\u00bb1\/2&Prime;][vc_row_inner][vc_column_inner width=\u00a0\u00bb1\/6&Prime;][tm_image image_size=\u00a0\u00bbcustom\u00a0\u00bb image=\u00a0\u00bb130&Prime; image_size_width=\u00a0\u00bb100&Prime; image_size_height=\u00a0\u00bb100&Prime;][tm_spacer size=\u00a0\u00bblg:20&Prime;][\/vc_column_inner][vc_column_inner width=\u00a0\u00bb5\/6&Prime;][vc_column_text]Dur\u00e9e : 1 journ\u00e9e<br \/>\nTh\u00e9orie : 10h-12h<br \/>\nPratique : 13h-16h[\/vc_column_text][tm_spacer size=\u00a0\u00bblg:20&Prime;][\/vc_column_inner][\/vc_row_inner][\/vc_column][vc_column width=\u00a0\u00bb1\/2&Prime;][vc_row_inner][vc_column_inner width=\u00a0\u00bb1\/6&Prime;][tm_image image_size=\u00a0\u00bbcustom\u00a0\u00bb image=\u00a0\u00bb129&Prime; image_size_width=\u00a0\u00bb100&Prime; image_size_height=\u00a0\u00bb100&Prime;][tm_spacer size=\u00a0\u00bblg:20&Prime;][\/vc_column_inner][vc_column_inner width=\u00a0\u00bb5\/6&Prime;][vc_column_text]Restauration offerte<br \/>\npar Bausch+Lomb[\/vc_column_text][tm_spacer size=\u00a0\u00bblg:20&Prime;][tm_spacer size=\u00a0\u00bblg:20&Prime;][\/vc_column_inner][\/vc_row_inner][\/vc_column][\/vc_row][vc_row][vc_column][tm_spacer size=\u00a0\u00bblg:20&Prime;][vc_separator color=\u00a0\u00bbcustom\u00a0\u00bb align=\u00a0\u00bbalign_left\u00a0\u00bb border_width=\u00a0\u00bb3&Prime; el_width=\u00a0\u00bb40&Prime; accent_color=\u00a0\u00bb#79c3a9&Prime;][tm_spacer size=\u00a0\u00bblg:40&Prime;][\/vc_column][\/vc_row]<\/p>\n<\/section>","protected":false},"excerpt":{"rendered":"<p>[vc_row][vc_column][tm_spacer size=\u00a0\u00bblg:40&Prime;][\/vc_column][\/vc_row][vc_row][vc_column width=\u00a0\u00bb1\/2&Prime;][vc_row_inner][vc_column_inner width=\u00a0\u00bb1\/6&Prime;][tm_image image_size=\u00a0\u00bbcustom\u00a0\u00bb xs_align=\u00a0\u00bbleft\u00a0\u00bb image=\u00a0\u00bb128&Prime; image_size_width=\u00a0\u00bb100&Prime; image_size_height=\u00a0\u00bb100&Prime;][tm_spacer size=\u00a0\u00bblg:20&Prime;][\/vc_column_inner][vc_column_inner width=\u00a0\u00bb5\/6&Prime;][vc_column_text]ISO Bordeaux 323 avenue THIERS, 33100 Bordeaux Contact Philippe PITOUS : 06 10 63 30 71 ou Fixe ISO Bordeaux : 05 56 00 02 07[\/vc_column_text][tm_spacer size=\u00a0\u00bblg:20&Prime;][\/vc_column_inner][\/vc_row_inner][\/vc_column][vc_column width=\u00a0\u00bb1\/2&Prime;][vc_row_inner][vc_column_inner width=\u00a0\u00bb1\/6&Prime;][tm_image image_size=\u00a0\u00bbcustom\u00a0\u00bb image=\u00a0\u00bb129&Prime; image_size_width=\u00a0\u00bb100&Prime; image_size_height=\u00a0\u00bb100&Prime;][tm_spacer size=\u00a0\u00bblg:20&Prime;][\/vc_column_inner][vc_column_inner width=\u00a0\u00bb5\/6&Prime;][vc_column_text]Transport : TRAM A Jean Jaur\u00e8s Parking GALIN[\/vc_column_text][tm_spacer size=\u00a0\u00bblg:20&Prime;][\/vc_column_inner][\/vc_row_inner][\/vc_column][\/vc_row][vc_row][vc_column width=\u00a0\u00bb1\/2&Prime;][vc_row_inner][vc_column_inner width=\u00a0\u00bb1\/6&Prime;][tm_image image_size=\u00a0\u00bbcustom\u00a0\u00bb image=\u00a0\u00bb130&Prime; image_size_width=\u00a0\u00bb100&Prime; image_size_height=\u00a0\u00bb100&Prime;][tm_spacer size=\u00a0\u00bblg:20&Prime;][\/vc_column_inner][vc_column_inner width=\u00a0\u00bb5\/6&Prime;][vc_column_text]Dur\u00e9e : 1 journ\u00e9e Th\u00e9orie : 10h-12h Pratique : 13h-16h[\/vc_column_text][tm_spacer size=\u00a0\u00bblg:20&Prime;][\/vc_column_inner][\/vc_row_inner][\/vc_column][vc_column width=\u00a0\u00bb1\/2&Prime;][vc_row_inner][vc_column_inner width=\u00a0\u00bb1\/6&Prime;][tm_image image_size=\u00a0\u00bbcustom\u00a0\u00bb image=\u00a0\u00bb129&Prime; image_size_width=\u00a0\u00bb100&Prime; image_size_height=\u00a0\u00bb100&Prime;][tm_spacer size=\u00a0\u00bblg:20&Prime;][\/vc_column_inner][vc_column_inner width=\u00a0\u00bb5\/6&Prime;][vc_column_text]Restauration offerte par Bausch+Lomb[\/vc_column_text][tm_spacer size=\u00a0\u00bblg:20&Prime;][tm_spacer size=\u00a0\u00bblg:20&Prime;][\/vc_column_inner][\/vc_row_inner][\/vc_column][\/vc_row][vc_row][vc_column][tm_spacer size=\u00a0\u00bblg:20&Prime;][vc_separator color=\u00a0\u00bbcustom\u00a0\u00bb align=\u00a0\u00bbalign_left\u00a0\u00bb border_width=\u00a0\u00bb3&Prime; el_width=\u00a0\u00bb40&Prime; accent_color=\u00a0\u00bb#79c3a9&Prime;][tm_spacer size=\u00a0\u00bblg:40&Prime;][\/vc_column][\/vc_row]<\/p>\n","protected":false},"author":1,"featured_media":0,"parent":0,"menu_order":0,"comment_status":"closed","ping_status":"closed","template":"","meta":{"footnotes":""},"class_list":["post-918","page","type-page","status-publish","hentry","post-no-thumbnail"],"_links":{"self":[{"href":"https:\/\/academyofvisioncare-france.fr\/opticiens\/wp-json\/wp\/v2\/pages\/918","targetHints":{"allow":["GET"]}}],"collection":[{"href":"https:\/\/academyofvisioncare-france.fr\/opticiens\/wp-json\/wp\/v2\/pages"}],"about":[{"href":"https:\/\/academyofvisioncare-france.fr\/opticiens\/wp-json\/wp\/v2\/types\/page"}],"author":[{"embeddable":true,"href":"https:\/\/academyofvisioncare-france.fr\/opticiens\/wp-json\/wp\/v2\/users\/1"}],"replies":[{"embeddable":true,"href":"https:\/\/academyofvisioncare-france.fr\/opticiens\/wp-json\/wp\/v2\/comments?post=918"}],"version-history":[{"count":2,"href":"https:\/\/academyofvisioncare-france.fr\/opticiens\/wp-json\/wp\/v2\/pages\/918\/revisions"}],"predecessor-version":[{"id":920,"href":"https:\/\/academyofvisioncare-france.fr\/opticiens\/wp-json\/wp\/v2\/pages\/918\/revisions\/920"}],"wp:attachment":[{"href":"https:\/\/academyofvisioncare-france.fr\/opticiens\/wp-json\/wp\/v2\/media?parent=918"}],"curies":[{"name":"wp","href":"https:\/\/api.w.org\/{rel}","templated":true}]}}