{"id":975,"date":"2026-02-07T08:27:11","date_gmt":"2026-02-07T07:27:11","guid":{"rendered":"https:\/\/academyofvisioncare-france.fr\/opticiens\/?page_id=975"},"modified":"2026-02-07T08:27:11","modified_gmt":"2026-02-07T07:27:11","slug":"adapter-rapidement-les-presbytes-et-les-presbytes-astigmates-lundi-15-juin-2026","status":"publish","type":"page","link":"https:\/\/academyofvisioncare-france.fr\/opticiens\/adapter-rapidement-les-presbytes-et-les-presbytes-astigmates-lundi-15-juin-2026\/","title":{"rendered":"Adapter rapidement les Presbytes et les Presbytes Astigmates &#8211; Lundi 15 juin 2026"},"content":{"rendered":"\n<p><strong>S\u00e9lectionner la date du Lundi 15 juin 2026 dans le calendrier. Si vous avez besoin d&rsquo;aide <a href=\"\/opticiens\/nous-contacter\" data-type=\"URL\" data-id=\"\/contact\">contactez-nous<\/a><\/strong><\/p>\n\n\n\n<p><strong><em>L&rsquo;adresse email doit \u00eatre personnelle et unique, r\u00e9serv\u00e9e \u00e0 la personne qui r\u00e9serve sa formation.<\/em><\/strong><\/p>\n\n\n\n<div class=\"wp-block-columns is-layout-flex wp-container-core-columns-is-layout-9d6595d7 wp-block-columns-is-layout-flex\">\n<div class=\"wp-block-column is-layout-flow wp-block-column-is-layout-flow\" style=\"flex-basis:100%\">\n<div class=\"wp-block-booknetic-booking\"><link rel=\"stylesheet\" href=\"\/\/academyofvisioncare-france.fr\/opticiens\/wp-content\/uploads\/booknetic\/appearance\/theme_8.css\">\n<div class=\"booknetic_appointment\" id=\"booknetic_theme_8\" data-info=\"f1939de0a05c72bf3647ab32c7fae5bc32dd85891c54a281ae1065b518f08a0b:W10=\" data-steps=\"[{&quot;id&quot;:&quot;location&quot;,&quot;order_number&quot;:1,&quot;value&quot;:-1,&quot;hidden&quot;:true,&quot;loader&quot;:&quot;card1&quot;,&quot;title&quot;:&quot;Lieu&quot;,&quot;head_title&quot;:&quot;S\\u00e9lectionner un Lieu&quot;},{&quot;id&quot;:&quot;staff&quot;,&quot;order_number&quot;:11,&quot;value&quot;:-1,&quot;hidden&quot;:true,&quot;loader&quot;:&quot;card1&quot;,&quot;title&quot;:&quot;Formations&quot;,&quot;head_title&quot;:&quot;S\\u00e9lectionner une formation&quot;},{&quot;id&quot;:&quot;service&quot;,&quot;order_number&quot;:21,&quot;value&quot;:&quot;70&quot;,&quot;hidden&quot;:true,&quot;loader&quot;:&quot;card2&quot;,&quot;title&quot;:&quot;Programmes&quot;,&quot;head_title&quot;:&quot;S\\u00e9lectionner Formation et son programme&quot;,&quot;attrs&quot;:&quot; data-service-category=\\&quot;73\\&quot; data-is-recurring=\\&quot;0\\&quot;&quot;},{&quot;id&quot;:&quot;service_extras&quot;,&quot;order_number&quot;:31,&quot;value&quot;:&quot;&quot;,&quot;hidden&quot;:true,&quot;loader&quot;:&quot;card2&quot;,&quot;title&quot;:&quot;Service Extras&quot;,&quot;head_title&quot;:&quot;Select service extras&quot;},{&quot;id&quot;:&quot;date_time&quot;,&quot;order_number&quot;:41,&quot;value&quot;:&quot;&quot;,&quot;hidden&quot;:false,&quot;loader&quot;:&quot;card3&quot;,&quot;title&quot;:&quot;Date &amp;amp; Heure&quot;,&quot;head_title&quot;:&quot;S\\u00e9lectionner Date &amp;amp; Horaire&quot;},{&quot;id&quot;:&quot;recurring_info&quot;,&quot;order_number&quot;:51,&quot;value&quot;:&quot;&quot;,&quot;hidden&quot;:true,&quot;loader&quot;:&quot;card3&quot;,&quot;title&quot;:&quot;Informations r\\u00e9currentes&quot;,&quot;head_title&quot;:&quot;Informations r\\u00e9currentes&quot;},{&quot;id&quot;:&quot;information&quot;,&quot;order_number&quot;:61,&quot;value&quot;:&quot;&quot;,&quot;hidden&quot;:false,&quot;loader&quot;:&quot;card3&quot;,&quot;title&quot;:&quot;Information&quot;,&quot;head_title&quot;:&quot;Informations&quot;},{&quot;id&quot;:&quot;cart&quot;,&quot;order_number&quot;:71,&quot;value&quot;:&quot;&quot;,&quot;hidden&quot;:true,&quot;loader&quot;:&quot;card3&quot;,&quot;title&quot;:&quot;Cart&quot;,&quot;head_title&quot;:&quot;Add to cart&quot;},{&quot;id&quot;:&quot;confirm_details&quot;,&quot;order_number&quot;:81,&quot;value&quot;:&quot;&quot;,&quot;hidden&quot;:false,&quot;loader&quot;:&quot;card3&quot;,&quot;title&quot;:&quot;Confirmation&quot;,&quot;head_title&quot;:&quot;Confirmation&quot;}]\">\n\t<div class=\"booknetic_appointment_steps \">\n\t\t\t\t<div class=\"booknetic_appointment_steps_body nice-scrollbar-primary\"><\/div>\n        <div class=\"booknetic_appointment_steps_footer\">\n            <div class=\"booknetic_appointment_steps_footer_txt1\">Des questions ?<\/div>\n            <div class=\"booknetic_appointment_steps_footer_txt2\">04 67 12 30 30<\/div>\n        <\/div>\n    <\/div>\n    <div class=\"booknetic_appointment_container\">\n\n        <div class=\"booknetic_appointment_container_header\">\n            <div class=\"booknetic_appointment_container_header_text\"><\/div>\n                    <\/div>\n        <div class=\"booknetic_appointment_container_body\">\n\n            <div class=\"booknetic_preloader_card1_box booknetic_hidden\">\n                <div class=\"booknetic_preloader_card1\">\n                    <div class=\"booknetic_preloader_card1_image\"><\/div>\n                    <div class=\"booknetic_preloader_card1_description\"><\/div>\n                <\/div>\n\n                <div class=\"booknetic_preloader_card1\">\n                    <div class=\"booknetic_preloader_card1_image\"><\/div>\n                    <div class=\"booknetic_preloader_card1_description\"><\/div>\n                <\/div>\n\n                <div class=\"booknetic_preloader_card1\">\n                    <div class=\"booknetic_preloader_card1_image\"><\/div>\n                    <div class=\"booknetic_preloader_card1_description\"><\/div>\n                <\/div>\n            <\/div>\n\n            <div class=\"booknetic_preloader_card2_box booknetic_hidden\">\n                <div class=\"booknetic_preloader_card2\">\n                    <div class=\"booknetic_preloader_card2_image\"><\/div>\n                    <div class=\"booknetic_preloader_card2_description\"><\/div>\n                <\/div>\n\n                <div class=\"booknetic_preloader_card2\">\n                    <div class=\"booknetic_preloader_card2_image\"><\/div>\n                    <div class=\"booknetic_preloader_card2_description\"><\/div>\n                <\/div>\n\n                <div class=\"booknetic_preloader_card2\">\n                    <div class=\"booknetic_preloader_card2_image\"><\/div>\n                    <div class=\"booknetic_preloader_card2_description\"><\/div>\n                <\/div>\n            <\/div>\n\n            <div class=\"booknetic_preloader_card3_box booknetic_hidden\">\n                <div class=\"booknetic_preloader_card3\"><\/div>\n                <div class=\"booknetic_preloader_card3\"><\/div>\n                <div class=\"booknetic_preloader_card3\"><\/div>\n                <div class=\"booknetic_preloader_card3\"><\/div>\n            <\/div>\n\n            <div class=\"booknetic_need_copy\" >\n                <div data-step-id=\"location\" class=\"booknetic_hidden\"><\/div>\n                <div data-step-id=\"staff\" class=\"booknetic_hidden\"><\/div>\n                <div data-step-id=\"service\" class=\"booknetic_hidden\"><\/div>\n                <div data-step-id=\"service_extras\" class=\"booknetic_hidden\"><\/div>\n                <div data-step-id=\"date_time\" class=\"booknetic_hidden\"><\/div>\n                <div data-step-id=\"recurring_info\" class=\"booknetic_hidden\"><\/div>\n                <div data-step-id=\"information\" class=\"booknetic_hidden\"><\/div>\n            <\/div>\n\n            <div data-step-id=\"cart\" class=\"booknetic_hidden\"><\/div>\n            <div data-step-id=\"confirm_details\" class=\"booknetic_hidden\"><\/div>\n\n            <div class=\"booknetic_appointment_finished_with_error booknetic_hidden\">\n                <img decoding=\"async\" src=\"https:\/\/academyofvisioncare-france.fr\/opticiens\/wp-content\/plugins\/booknetic\/app\/Frontend\/assets\/images\/payment-error.svg\">\n                <div>Nous ne sommes pas en mesure de traiter votre paiement. Veuillez r\u00e9essayer.<\/div>\n            <\/div>\n\n        <\/div>\n        <div class=\"booknetic_appointment_container_footer\">\n            <button type=\"button\" class=\"booknetic_btn_secondary booknetic_prev_step\">RETOUR<\/button>\n            <div class=\"booknetic_warning_message\"><\/div>\n            <button type=\"button\" class=\"booknetic_btn_primary booknetic_next_step booknetic_next_step_btn\">PROCHAINE \u00c9TAPE<\/button>\n            <button type=\"button\" class=\"booknetic_btn_primary booknetic_next_step booknetic_confirm_booking_btn\">CONFIRMER LA R\u00c9SERVATION<\/button>\n            <button type=\"button\" class=\"booknetic_btn_primary booknetic_hidden booknetic_try_again_btn\">R\u00c9ESSAYER<\/button>\n        <\/div>\n\n        \n    <\/div>\n    <div class=\"booknetic_appointment_finished\">\n        <div class=\"booknetic_appointment_finished_icon\"><img decoding=\"async\" src=\"https:\/\/academyofvisioncare-france.fr\/opticiens\/wp-content\/plugins\/booknetic\/app\/Frontend\/assets\/icons\/status-ok.svg\"><\/div>\n        <div class=\"booknetic_appointment_finished_title\">Merci pour votre r\u00e9servation !\u00a0Vous allez recevoir une notification par mail.\u00a0V\u00e9rifiez vos SPAMS.<\/div>\n        <div class=\"booknetic_appointment_finished_subtitle booknetic_hidden\">Your confirmation number:<\/div>\n        <div class=\"booknetic_appointment_finished_code booknetic_hidden\"><\/div>\n        <div class=\"booknetic_appointment_finished_actions\">\n            <button type=\"button\" id=\"booknetic_add_to_google_calendar_btn\" class=\"booknetic_btn_secondary\"><img decoding=\"async\" src=\"https:\/\/academyofvisioncare-france.fr\/opticiens\/wp-content\/plugins\/booknetic\/app\/Frontend\/assets\/icons\/calendar.svg\"> AJOUTER \u00c0 GOOGLE CALENDAR<\/button>\n            <a id=\"booknetic_add_to_icalendar_btn\" download=\"Ev\u00e9nement.ics\" class=\"booknetic_btn_secondary\"><img decoding=\"async\" src=\"https:\/\/academyofvisioncare-france.fr\/opticiens\/wp-content\/plugins\/booknetic\/app\/Frontend\/assets\/icons\/calendar.svg\"> AJOUTER AU CALENDRIER ICAL<\/a>\n            <button type=\"button\" id=\"booknetic_start_new_booking_btn\" class=\"booknetic_btn_secondary booknetic_hidden\"><img decoding=\"async\" src=\"https:\/\/academyofvisioncare-france.fr\/opticiens\/wp-content\/plugins\/booknetic\/app\/Frontend\/assets\/icons\/plus.svg\"> NOUVELLE R\u00c9SERVATION<\/button>\n            <button type=\"button\" id=\"booknetic_finish_btn\" class=\"booknetic_btn_secondary\" data-redirect-url=\"https:\/\/academyofvisioncare-france.fr\/opticiens\/\"><img decoding=\"async\" src=\"https:\/\/academyofvisioncare-france.fr\/opticiens\/wp-content\/plugins\/booknetic\/app\/Frontend\/assets\/icons\/check-small.svg\"> TERMINER<\/button>\n        <\/div>\n    <\/div>\n\n    <div id=\"booknetic_progress\" class=\"booknetic_progress_waiting booknetic_progress_done\"><dt><\/dt><dd><\/dd><\/div>\n<\/div>\n\n<script type=\"application\/javascript\">\n    (function ()\n    {\n        let initBookingPanel = function ()\n        {\n            if( typeof window.bookneticInitBookingPage !== 'undefined' ) {\n                jQuery(\".booknetic_appointment\").each( ( i , v ) =>\n                {\n                    window.bookneticInitBookingPage( v );\n                } );\n            } else {\n                \/* Bele yazilmasinin sebebi siteground-optimizer (Speed Optimizer) pluginidir ki, qeribe shekilde bu JS`i goturub oz JS faylina salib run edir ve error partlayir ki, window.bookneticInitBookingPage tapilmadi deye. *\/\n                setTimeout(initBookingPanel, 1000);\n            }\n        }\n\n        if( document.readyState === 'loading' )\n            document.addEventListener('DOMContentLoaded', initBookingPanel)\n        else\n            initBookingPanel();\n    })();\n<\/script>\n<\/div>\n<\/div>\n<\/div>\n","protected":false},"excerpt":{"rendered":"<p>S\u00e9lectionner la date du Lundi 15 juin 2026 dans le calendrier. Si vous avez besoin d&rsquo;aide contactez-nous L&rsquo;adresse email doit \u00eatre personnelle et unique, r\u00e9serv\u00e9e \u00e0 la personne qui r\u00e9serve sa formation.<\/p>\n","protected":false},"author":1,"featured_media":0,"parent":0,"menu_order":0,"comment_status":"closed","ping_status":"closed","template":"","meta":{"footnotes":""},"class_list":["post-975","page","type-page","status-publish","hentry","post-no-thumbnail"],"_links":{"self":[{"href":"https:\/\/academyofvisioncare-france.fr\/opticiens\/wp-json\/wp\/v2\/pages\/975","targetHints":{"allow":["GET"]}}],"collection":[{"href":"https:\/\/academyofvisioncare-france.fr\/opticiens\/wp-json\/wp\/v2\/pages"}],"about":[{"href":"https:\/\/academyofvisioncare-france.fr\/opticiens\/wp-json\/wp\/v2\/types\/page"}],"author":[{"embeddable":true,"href":"https:\/\/academyofvisioncare-france.fr\/opticiens\/wp-json\/wp\/v2\/users\/1"}],"replies":[{"embeddable":true,"href":"https:\/\/academyofvisioncare-france.fr\/opticiens\/wp-json\/wp\/v2\/comments?post=975"}],"version-history":[{"count":1,"href":"https:\/\/academyofvisioncare-france.fr\/opticiens\/wp-json\/wp\/v2\/pages\/975\/revisions"}],"predecessor-version":[{"id":976,"href":"https:\/\/academyofvisioncare-france.fr\/opticiens\/wp-json\/wp\/v2\/pages\/975\/revisions\/976"}],"wp:attachment":[{"href":"https:\/\/academyofvisioncare-france.fr\/opticiens\/wp-json\/wp\/v2\/media?parent=975"}],"curies":[{"name":"wp","href":"https:\/\/api.w.org\/{rel}","templated":true}]}}